{"id":3,"date":"2024-08-25T12:53:46","date_gmt":"2024-08-25T10:53:46","guid":{"rendered":"https:\/\/planet.fau.org\/?page_id=3"},"modified":"2024-08-25T13:36:27","modified_gmt":"2024-08-25T11:36:27","slug":"datenschutzerklaerung","status":"publish","type":"page","link":"https:\/\/planet.fau.org\/?page_id=3","title":{"rendered":"Datenschutzerkl\u00e4rung"},"content":{"rendered":"\n<p>Diese Webseite (planet.fau.org) ist ein News Aggregator verschiedener FAU Syndikate und dazugeh\u00f6riger Organisationen.<\/p>\n\n\n\n<p>Beim Besuch dieser Seite werden IP Addressen anonymisiert in Logs gespeichert und nach einer Woche gel\u00f6scht. Diese Logs werden ausschlie\u00dflich zur Fehlererkennung genutzt.<\/p>\n\n\n\n<p>Aggregierte Beitr\u00e4ge verweisen auf externe Webseiten. Mit dem Besuch werden ggf. weitere Daten verarbeitet. Genaueres kann in den Datenschutzerkl\u00e4rungen dieser Webseiten nachgesehen werden.<\/p>\n","protected":false},"excerpt":{"rendered":"<p>Diese Webseite (planet.fau.org) ist ein News Aggregator verschiedener FAU Syndikate und dazugeh\u00f6riger Organisationen. Beim Besuch dieser Seite werden IP Addressen anonymisiert in Logs gespeichert und nach einer Woche gel\u00f6scht. Diese Logs werden ausschlie\u00dflich zur Fehlererkennung genutzt. Aggregierte Beitr\u00e4ge verweisen auf externe Webseiten. Mit dem Besuch werden ggf. weitere Daten verarbeitet. Genaueres kann in den Datenschutzerkl\u00e4rungen [&hellip;]<\/p>\n","protected":false},"author":1,"featured_media":0,"parent":0,"menu_order":0,"comment_status":"closed","ping_status":"open","template":"","meta":{"footnotes":""},"class_list":["post-3","page","type-page","status-publish","hentry"],"_links":{"self":[{"href":"https:\/\/planet.fau.org\/index.php?rest_route=\/wp\/v2\/pages\/3","targetHints":{"allow":["GET"]}}],"collection":[{"href":"https:\/\/planet.fau.org\/index.php?rest_route=\/wp\/v2\/pages"}],"about":[{"href":"https:\/\/planet.fau.org\/index.php?rest_route=\/wp\/v2\/types\/page"}],"author":[{"embeddable":true,"href":"https:\/\/planet.fau.org\/index.php?rest_route=\/wp\/v2\/users\/1"}],"replies":[{"embeddable":true,"href":"https:\/\/planet.fau.org\/index.php?rest_route=%2Fwp%2Fv2%2Fcomments&post=3"}],"version-history":[{"count":1,"href":"https:\/\/planet.fau.org\/index.php?rest_route=\/wp\/v2\/pages\/3\/revisions"}],"predecessor-version":[{"id":32,"href":"https:\/\/planet.fau.org\/index.php?rest_route=\/wp\/v2\/pages\/3\/revisions\/32"}],"wp:attachment":[{"href":"https:\/\/planet.fau.org\/index.php?rest_route=%2Fwp%2Fv2%2Fmedia&parent=3"}],"curies":[{"name":"wp","href":"https:\/\/api.w.org\/{rel}","templated":true}]}}